{"id":510,"date":"2017-03-28T19:37:49","date_gmt":"2017-03-28T19:37:49","guid":{"rendered":"http:\/\/www.tedxsantamaria.com.br\/2017\/?page_id=510"},"modified":"2017-04-08T13:44:14","modified_gmt":"2017-04-08T13:44:14","slug":"natalia-pietsch","status":"publish","type":"page","link":"https:\/\/www.tedxsantamaria.com.br\/2017\/natalia-pietsch\/","title":{"rendered":"Nat\u00e1lia Pietzsch: Conex\u00e3o para empreender"},"content":{"rendered":"<p><a href=\"https:\/\/www.tedxsantamaria.com.br\/2017\/wp-content\/uploads\/2017\/03\/palestrante_01.jpg\"><img loading=\"lazy\" decoding=\"async\" class=\"size-medium wp-image-398 aligncenter\" src=\"https:\/\/www.tedxsantamaria.com.br\/2017\/wp-content\/uploads\/2017\/03\/palestrante_01-298x300.jpg\" alt=\"\" width=\"298\" height=\"300\" srcset=\"https:\/\/www.tedxsantamaria.com.br\/2017\/wp-content\/uploads\/2017\/03\/palestrante_01.jpg 298w, https:\/\/www.tedxsantamaria.com.br\/2017\/wp-content\/uploads\/2017\/03\/palestrante_01-150x150.jpg 150w\" sizes=\"auto, (max-width: 298px) 100vw, 298px\" \/><\/a><\/p>\n<p><span style=\"font-weight: 400;\">Em 2016 ela iniciou sua caminhada no empreendedorismo, como co-fundadora da Re-ciclo, empresa com sede em Porto Alegre\/RS e filial em Tramanda\u00ed\/RS, que tem como principal miss\u00e3o revolucionar a forma como as pessoas enxergam e destinam seu res\u00edduo. <\/span><\/p>\n<p><span style=\"font-weight: 400;\">Nesse quase 1 ano de vida, a Re-ciclo recebeu o pr\u00eamio Boas Ideias Sustent\u00e1veis, na Virada Sustent\u00e1vel, e foi contemplada em dois programas de mentoria e acelera\u00e7\u00e3o para Neg\u00f3cios de Impacto Social.<\/span><\/p>\n<p align=\"justify\"><span style=\"font-weight: 400;\">A Nat\u00e1lia, al\u00e9m de empreendedora, \u00e9 engenheira ambiental e mestre em engenharia de produ\u00e7\u00e3o, ambos pela UFRGS. Ela tamb\u00e9m j\u00e1 realizou dois interc\u00e2mbios sociais, em Camar\u00f5es\/\u00c1frica e em Trento\/It\u00e1lia, foi volunt\u00e1ria da AIESEC Porto Alegre e possui mais de 7 anos de experi\u00eancia com gerenciamento de res\u00edduos s\u00f3lidos, tema do seu mestrado, que teve como foco a Filosofia Lixo Zero<\/span><\/p>\n","protected":false},"excerpt":{"rendered":"<p>Em 2016 ela iniciou sua caminhada no empreendedorismo, como co-fundadora da Re-ciclo, empresa com sede em Porto Alegre\/RS e filial em Tramanda\u00ed\/RS, que tem como principal miss\u00e3o revolucionar a forma como as pessoas enxergam e destinam seu res\u00edduo. Nesse quase 1 ano de vida, a Re-ciclo recebeu o pr\u00eamio Boas Ideias Sustent\u00e1veis, na Virada Sustent\u00e1vel, [&hellip;]<\/p>\n","protected":false},"author":1,"featured_media":0,"parent":0,"menu_order":0,"comment_status":"closed","ping_status":"closed","template":"","meta":{"footnotes":""},"class_list":["post-510","page","type-page","status-publish","hentry"],"_links":{"self":[{"href":"https:\/\/www.tedxsantamaria.com.br\/2017\/wp-json\/wp\/v2\/pages\/510","targetHints":{"allow":["GET"]}}],"collection":[{"href":"https:\/\/www.tedxsantamaria.com.br\/2017\/wp-json\/wp\/v2\/pages"}],"about":[{"href":"https:\/\/www.tedxsantamaria.com.br\/2017\/wp-json\/wp\/v2\/types\/page"}],"author":[{"embeddable":true,"href":"https:\/\/www.tedxsantamaria.com.br\/2017\/wp-json\/wp\/v2\/users\/1"}],"replies":[{"embeddable":true,"href":"https:\/\/www.tedxsantamaria.com.br\/2017\/wp-json\/wp\/v2\/comments?post=510"}],"version-history":[{"count":7,"href":"https:\/\/www.tedxsantamaria.com.br\/2017\/wp-json\/wp\/v2\/pages\/510\/revisions"}],"predecessor-version":[{"id":602,"href":"https:\/\/www.tedxsantamaria.com.br\/2017\/wp-json\/wp\/v2\/pages\/510\/revisions\/602"}],"wp:attachment":[{"href":"https:\/\/www.tedxsantamaria.com.br\/2017\/wp-json\/wp\/v2\/media?parent=510"}],"curies":[{"name":"wp","href":"https:\/\/api.w.org\/{rel}","templated":true}]}}