{"id":512,"date":"2017-03-28T19:38:43","date_gmt":"2017-03-28T19:38:43","guid":{"rendered":"http:\/\/www.tedxsantamaria.com.br\/2017\/?page_id=512"},"modified":"2017-04-05T21:05:51","modified_gmt":"2017-04-05T21:05:51","slug":"rafael-perez","status":"publish","type":"page","link":"https:\/\/www.tedxsantamaria.com.br\/2017\/rafael-perez\/","title":{"rendered":"Rafael Perez: Da apresenta\u00e7\u00e3o e do relacionamento, o engajamento no ambiente e aprendizagem"},"content":{"rendered":"<p><a href=\"https:\/\/www.tedxsantamaria.com.br\/2017\/wp-content\/uploads\/2017\/03\/palestrante_02.jpg\"><img loading=\"lazy\" decoding=\"async\" class=\"size-medium wp-image-399 aligncenter\" src=\"https:\/\/www.tedxsantamaria.com.br\/2017\/wp-content\/uploads\/2017\/03\/palestrante_02-299x300.jpg\" alt=\"\" width=\"299\" height=\"300\" srcset=\"https:\/\/www.tedxsantamaria.com.br\/2017\/wp-content\/uploads\/2017\/03\/palestrante_02.jpg 299w, https:\/\/www.tedxsantamaria.com.br\/2017\/wp-content\/uploads\/2017\/03\/palestrante_02-150x150.jpg 150w\" sizes=\"auto, (max-width: 299px) 100vw, 299px\" \/><\/a><\/p>\n<p><span style=\"font-weight: 400;\">Rafinha \u00e9 o fundador da Point &#8211; Facilita\u00e7\u00e3o Criativa e apaixonado por facilita\u00e7\u00e3o criativa e educa\u00e7\u00e3o. Com 23 anos, j\u00e1 ajudou professores, alunos e empresas a se comunicarem melhor atrav\u00e9s de apresenta\u00e7\u00f5es de impacto. Em seu talk, vai contar sobre como as apresenta\u00e7\u00f5es e o relacionamento entre as pessoas pode aumentar o engajamento no ambiente de aprendizagem!<\/span><\/p>\n","protected":false},"excerpt":{"rendered":"<p>Rafinha \u00e9 o fundador da Point &#8211; Facilita\u00e7\u00e3o Criativa e apaixonado por facilita\u00e7\u00e3o criativa e educa\u00e7\u00e3o. Com 23 anos, j\u00e1 ajudou professores, alunos e empresas a se comunicarem melhor atrav\u00e9s de apresenta\u00e7\u00f5es de impacto. Em seu talk, vai contar sobre como as apresenta\u00e7\u00f5es e o relacionamento entre as pessoas pode aumentar o engajamento no ambiente [&hellip;]<\/p>\n","protected":false},"author":1,"featured_media":0,"parent":0,"menu_order":0,"comment_status":"closed","ping_status":"closed","template":"","meta":{"footnotes":""},"class_list":["post-512","page","type-page","status-publish","hentry"],"_links":{"self":[{"href":"https:\/\/www.tedxsantamaria.com.br\/2017\/wp-json\/wp\/v2\/pages\/512","targetHints":{"allow":["GET"]}}],"collection":[{"href":"https:\/\/www.tedxsantamaria.com.br\/2017\/wp-json\/wp\/v2\/pages"}],"about":[{"href":"https:\/\/www.tedxsantamaria.com.br\/2017\/wp-json\/wp\/v2\/types\/page"}],"author":[{"embeddable":true,"href":"https:\/\/www.tedxsantamaria.com.br\/2017\/wp-json\/wp\/v2\/users\/1"}],"replies":[{"embeddable":true,"href":"https:\/\/www.tedxsantamaria.com.br\/2017\/wp-json\/wp\/v2\/comments?post=512"}],"version-history":[{"count":4,"href":"https:\/\/www.tedxsantamaria.com.br\/2017\/wp-json\/wp\/v2\/pages\/512\/revisions"}],"predecessor-version":[{"id":594,"href":"https:\/\/www.tedxsantamaria.com.br\/2017\/wp-json\/wp\/v2\/pages\/512\/revisions\/594"}],"wp:attachment":[{"href":"https:\/\/www.tedxsantamaria.com.br\/2017\/wp-json\/wp\/v2\/media?parent=512"}],"curies":[{"name":"wp","href":"https:\/\/api.w.org\/{rel}","templated":true}]}}