{"id":514,"date":"2017-03-28T19:39:43","date_gmt":"2017-03-28T19:39:43","guid":{"rendered":"http:\/\/www.tedxsantamaria.com.br\/2017\/?page_id=514"},"modified":"2017-03-30T12:12:31","modified_gmt":"2017-03-30T12:12:31","slug":"eduardo-de-assis-brasil-rocha","status":"publish","type":"page","link":"https:\/\/www.tedxsantamaria.com.br\/2017\/eduardo-de-assis-brasil-rocha\/","title":{"rendered":"Eduardo de Assis Brasil Rocha: Educar sempre e acima de tudo"},"content":{"rendered":"<p><a href=\"https:\/\/www.tedxsantamaria.com.br\/2017\/wp-content\/uploads\/2017\/03\/palestrante_04.jpg\"><img loading=\"lazy\" decoding=\"async\" class=\"size-medium wp-image-401 aligncenter\" src=\"https:\/\/www.tedxsantamaria.com.br\/2017\/wp-content\/uploads\/2017\/03\/palestrante_04-298x300.jpg\" alt=\"\" width=\"298\" height=\"300\" srcset=\"https:\/\/www.tedxsantamaria.com.br\/2017\/wp-content\/uploads\/2017\/03\/palestrante_04.jpg 298w, https:\/\/www.tedxsantamaria.com.br\/2017\/wp-content\/uploads\/2017\/03\/palestrante_04-150x150.jpg 150w\" sizes=\"auto, (max-width: 298px) 100vw, 298px\" \/><\/a><\/p>\n<p align=\"justify\">Formado em Direito pela UFSM e professor desde 1985.\u00a0 Ficou reconhecido por ser um advogado militante no Rio Grande do Sul. Mas, h\u00e1 quase 15 anos \u00e9 \u00e0 miss\u00e3o de Educar Sempre que tem dedicado esfor\u00e7os, revelando novos talentos do ensinar e gerando oportunidades e mais sorrisos ao cora\u00e7\u00e3o do Rio Grande.<\/p>\n","protected":false},"excerpt":{"rendered":"<p>Formado em Direito pela UFSM e professor desde 1985.\u00a0 Ficou reconhecido por ser um advogado militante no Rio Grande do Sul. Mas, h\u00e1 quase 15 anos \u00e9 \u00e0 miss\u00e3o de Educar Sempre que tem dedicado esfor\u00e7os, revelando novos talentos do ensinar e gerando oportunidades e mais sorrisos ao cora\u00e7\u00e3o do Rio Grande.<\/p>\n","protected":false},"author":1,"featured_media":0,"parent":0,"menu_order":0,"comment_status":"closed","ping_status":"closed","template":"","meta":{"footnotes":""},"class_list":["post-514","page","type-page","status-publish","hentry"],"_links":{"self":[{"href":"https:\/\/www.tedxsantamaria.com.br\/2017\/wp-json\/wp\/v2\/pages\/514","targetHints":{"allow":["GET"]}}],"collection":[{"href":"https:\/\/www.tedxsantamaria.com.br\/2017\/wp-json\/wp\/v2\/pages"}],"about":[{"href":"https:\/\/www.tedxsantamaria.com.br\/2017\/wp-json\/wp\/v2\/types\/page"}],"author":[{"embeddable":true,"href":"https:\/\/www.tedxsantamaria.com.br\/2017\/wp-json\/wp\/v2\/users\/1"}],"replies":[{"embeddable":true,"href":"https:\/\/www.tedxsantamaria.com.br\/2017\/wp-json\/wp\/v2\/comments?post=514"}],"version-history":[{"count":2,"href":"https:\/\/www.tedxsantamaria.com.br\/2017\/wp-json\/wp\/v2\/pages\/514\/revisions"}],"predecessor-version":[{"id":582,"href":"https:\/\/www.tedxsantamaria.com.br\/2017\/wp-json\/wp\/v2\/pages\/514\/revisions\/582"}],"wp:attachment":[{"href":"https:\/\/www.tedxsantamaria.com.br\/2017\/wp-json\/wp\/v2\/media?parent=514"}],"curies":[{"name":"wp","href":"https:\/\/api.w.org\/{rel}","templated":true}]}}