{"id":518,"date":"2017-03-28T19:41:58","date_gmt":"2017-03-28T19:41:58","guid":{"rendered":"http:\/\/www.tedxsantamaria.com.br\/2017\/?page_id=518"},"modified":"2017-03-30T12:11:21","modified_gmt":"2017-03-30T12:11:21","slug":"deb-xavier","status":"publish","type":"page","link":"https:\/\/www.tedxsantamaria.com.br\/2017\/deb-xavier\/","title":{"rendered":"Deb Xavier: Mulher, revolu\u00e7\u00e3o e educa\u00e7\u00e3o"},"content":{"rendered":"<p><a href=\"https:\/\/www.tedxsantamaria.com.br\/2017\/wp-content\/uploads\/2017\/03\/palestrante_06.jpg\"><img loading=\"lazy\" decoding=\"async\" class=\"size-medium wp-image-403 aligncenter\" src=\"https:\/\/www.tedxsantamaria.com.br\/2017\/wp-content\/uploads\/2017\/03\/palestrante_06-298x300.jpg\" alt=\"\" width=\"298\" height=\"300\" srcset=\"https:\/\/www.tedxsantamaria.com.br\/2017\/wp-content\/uploads\/2017\/03\/palestrante_06.jpg 298w, https:\/\/www.tedxsantamaria.com.br\/2017\/wp-content\/uploads\/2017\/03\/palestrante_06-150x150.jpg 150w\" sizes=\"auto, (max-width: 298px) 100vw, 298px\" \/><\/a><\/p>\n<p>Graduada em Rela\u00e7\u00f5es Internacionais pela UFRGS e p\u00f3s-graduanda em gest\u00e3o empresarial pela FGV, \u00e9 idealizadora do Jogo de Damas e atua com empoderamento econ\u00f4mico e profissional feminino. Embaixadora brasileira do Women\u2019s Entrepreneurship Day, \u00e9 parceira brasileira do Lean In, ONG de Sheryl Sandberg. Foi apontada como uma das 21 mulheres que est\u00e3o fazendo do Brasil um pa\u00eds melhor.<\/p>\n<p>&nbsp;<\/p>\n","protected":false},"excerpt":{"rendered":"<p>Graduada em Rela\u00e7\u00f5es Internacionais pela UFRGS e p\u00f3s-graduanda em gest\u00e3o empresarial pela FGV, \u00e9 idealizadora do Jogo de Damas e atua com empoderamento econ\u00f4mico e profissional feminino. Embaixadora brasileira do Women\u2019s Entrepreneurship Day, \u00e9 parceira brasileira do Lean In, ONG de Sheryl Sandberg. Foi apontada como uma das 21 mulheres que est\u00e3o fazendo do Brasil [&hellip;]<\/p>\n","protected":false},"author":1,"featured_media":0,"parent":0,"menu_order":0,"comment_status":"closed","ping_status":"closed","template":"","meta":{"footnotes":""},"class_list":["post-518","page","type-page","status-publish","hentry"],"_links":{"self":[{"href":"https:\/\/www.tedxsantamaria.com.br\/2017\/wp-json\/wp\/v2\/pages\/518","targetHints":{"allow":["GET"]}}],"collection":[{"href":"https:\/\/www.tedxsantamaria.com.br\/2017\/wp-json\/wp\/v2\/pages"}],"about":[{"href":"https:\/\/www.tedxsantamaria.com.br\/2017\/wp-json\/wp\/v2\/types\/page"}],"author":[{"embeddable":true,"href":"https:\/\/www.tedxsantamaria.com.br\/2017\/wp-json\/wp\/v2\/users\/1"}],"replies":[{"embeddable":true,"href":"https:\/\/www.tedxsantamaria.com.br\/2017\/wp-json\/wp\/v2\/comments?post=518"}],"version-history":[{"count":3,"href":"https:\/\/www.tedxsantamaria.com.br\/2017\/wp-json\/wp\/v2\/pages\/518\/revisions"}],"predecessor-version":[{"id":581,"href":"https:\/\/www.tedxsantamaria.com.br\/2017\/wp-json\/wp\/v2\/pages\/518\/revisions\/581"}],"wp:attachment":[{"href":"https:\/\/www.tedxsantamaria.com.br\/2017\/wp-json\/wp\/v2\/media?parent=518"}],"curies":[{"name":"wp","href":"https:\/\/api.w.org\/{rel}","templated":true}]}}