{"id":8,"date":"2015-03-31T12:17:33","date_gmt":"2015-03-31T12:17:33","guid":{"rendered":"http:\/\/www.tedxsantamaria.com.br\/2017\/?page_id=8"},"modified":"2017-04-08T13:44:14","modified_gmt":"2017-04-08T13:44:14","slug":"home-1","status":"publish","type":"page","link":"https:\/\/www.tedxsantamaria.com.br\/2017\/","title":{"rendered":"Home"},"content":{"rendered":"<p>        <article id=\"welcome\" class=\"header-static \">\n\n        \n        <h2>A\u00e7\u00f5es que <span>educam<\/span><\/h2>\n        <p>Romper muros, disseminar conhecimento e integrar a sociedade. Pessoas educam pessoas: a forma\u00e7\u00e3o cidad\u00e3 \u00e9 uma constru\u00e7\u00e3o coletiva. Globalize suas ideias - eduque e inspire atrav\u00e9s do exemplo!<\/p>\n\n                            <ul class=\"download-a a\">\n                                    <li class=\"as\"><a rel=\"external\" target=\"_blank\" href=\"#\"><\/a><\/li>\n                                                    <li class=\"gp\"><a rel=\"external\" target=\"_blank\" href=\"#\"><\/a><\/li>\n                            <\/ul>\n            <\/article>\n\n\n                \n\n    <style>\n                                    #content.page-template.a article#welcome{\n                                            background: -moz-linear-gradient(-45deg,   0%,   100%);\n                        background: -webkit-gradient(linear, left top, right bottom, color-stop(0%, ), color-stop(100%, ));\n                        background: -webkit-linear-gradient(-45deg,   0%,  100%);\n                        background: -o-linear-gradient(-45deg,   0%,  100%);\n                        background: -ms-linear-gradient(-45deg,   0%,  100%);\n                        background: linear-gradient(135deg,   0%,  100%);\n                                        background-image: url(\/\/www.tedxsantamaria.com.br\/2017\/wp-content\/uploads\/2017\/03\/BANNER_01.jpg);background-position: center 0; background-size: cover;                 }\n            \n            \n                        <\/style>\n    <div id=\"blog\" class=\"blog_posts\">\n        <header class=\"heading-a\">\n                            <h3>\n                    <span class=\"small\">SOBRE N\u00d3S<\/span>\n                    <span class=\"strong\">TEDx:<\/span> desde 2009 disseminando e multiplicando boas ideias!                <\/h3>\n                        <p><\/p>\n        <\/header>\n        <div class=\"news-d\">\n            \n                                                                                <article>\n                            <header>\n                                <figure><img loading=\"lazy\" decoding=\"async\" src=\"https:\/\/www.tedxsantamaria.com.br\/2017\/wp-content\/uploads\/2017\/03\/sobre1-310x215.jpg\" alt=\"\" width=\"310\" height=\"215\"><\/figure>\n                                <h4><a href=\"https:\/\/www.tedxsantamaria.com.br\/2017\/tedx\/\">TEDx (Independently organized event of TED)<\/a><\/h4>\n                            <\/header>\n                            <p>O TEDx \u00e9 um evento local e organizado de forma independente cuja proposta principal \u00e9 difundir hist\u00f3rias e ideias que inspiram. A partir da troca de experi\u00eancias, as confer\u00eancias buscam provocar uma discuss\u00e3o profunda sobre os temas apresentados. Mundialmente conhecido, o TEDx surge em 2009 como um programa criado pelo TED, organiza\u00e7\u00e3o sem fins lucrativos [&hellip;]<\/p>\n                            <p class=\"link-a a\"><a href=\"https:\/\/www.tedxsantamaria.com.br\/2017\/tedx\/\">View more<\/a><\/p>\n                        <\/article>\n                                                                                                    <article>\n                            <header>\n                                <figure><img loading=\"lazy\" decoding=\"async\" src=\"https:\/\/www.tedxsantamaria.com.br\/2017\/wp-content\/uploads\/2017\/03\/sobre3-310x215.jpg\" alt=\"\" width=\"310\" height=\"215\"><\/figure>\n                                <h4><a href=\"https:\/\/www.tedxsantamaria.com.br\/2017\/tedxsantamaria-2013\/\">TEDxSantaMaria 2013<\/a><\/h4>\n                            <\/header>\n                            <p>Na expectativa de espalhar ideias que valem a pena serem compartilhadas \u00e9 que foi realizado o primeiro TEDxSantaMaria. O evento ocorreu no dia 13 de julho de 2013 no Teatro Treze de Maio. Com a tem\u00e1tica \u201cRecome\u00e7ar\u201d, foram convidadas 8 personalidades locais que tiveram at\u00e9 20 minutos para compartilhar suas ideias e inspirar a um [&hellip;]<\/p>\n                            <p class=\"link-a a\"><a href=\"https:\/\/www.tedxsantamaria.com.br\/2017\/tedxsantamaria-2013\/\">View more<\/a><\/p>\n                        <\/article>\n                                                                                                    <article>\n                            <header>\n                                <figure><img loading=\"lazy\" decoding=\"async\" src=\"https:\/\/www.tedxsantamaria.com.br\/2017\/wp-content\/uploads\/2017\/03\/sobre2-310x215.jpg\" alt=\"\" width=\"310\" height=\"215\"><\/figure>\n                                <h4><a href=\"https:\/\/www.tedxsantamaria.com.br\/2017\/tedxsantamariaed-2017\/\">TEDxSantaMariaED 2017<\/a><\/h4>\n                            <\/header>\n                            <p>No pr\u00f3ximo dia 12 de abril, \u00e0s 18h, o Tecnoparque ser\u00e1 sede do segundo TEDx de Santa Maria, desta vez ED. Com o tema \u201cA\u00e7\u00f5es que educam\u201d, o encontro busca expor pr\u00e1ticas que sejam refer\u00eancia na forma\u00e7\u00e3o cidad\u00e3 de crian\u00e7as e adultos, para al\u00e9m da constru\u00e7\u00e3o do saber acad\u00eamico. A ideia \u00e9 trazer \u00e0 discuss\u00e3o [&hellip;]<\/p>\n                            <p class=\"link-a a\"><a href=\"https:\/\/www.tedxsantamaria.com.br\/2017\/tedxsantamariaed-2017\/\">View more<\/a><\/p>\n                        <\/article>\n                                            <\/div>\n            <\/div>\n\n    \n    <article id=\"carousel3d\" class=\"carousel-slider\">\n        <header class=\"heading-a\">\n                            <h3>\n                    <span class=\"small\">AGENDA<\/span>\n                    <span class=\"strong\">Programe-se<\/span> para o TEDxSantaMariaED 2017                <\/h3>\n                        <p><\/p>\n        <\/header>\n        <ul class=\"slider-b\" data-carousel-3d>\n                                                <li><a href=\"#\"><img loading=\"lazy\" decoding=\"async\" src=\"\/\/www.tedxsantamaria.com.br\/2017\/wp-content\/uploads\/2017\/03\/agenda-02.png\" alt=\"\" width=\"320\" height=\"568\"><\/a><\/li>\n                                                                <li><a href=\"#\"><img loading=\"lazy\" decoding=\"async\" src=\"\/\/www.tedxsantamaria.com.br\/2017\/wp-content\/uploads\/2017\/03\/agenda-03.png\" alt=\"\" width=\"320\" height=\"568\"><\/a><\/li>\n                                                                <li><a href=\"#\"><img loading=\"lazy\" decoding=\"async\" src=\"\/\/www.tedxsantamaria.com.br\/2017\/wp-content\/uploads\/2017\/03\/agenda-04-1.png\" alt=\"\" width=\"320\" height=\"568\"><\/a><\/li>\n                                                                <li><a href=\"#\"><img loading=\"lazy\" decoding=\"async\" src=\"\/\/www.tedxsantamaria.com.br\/2017\/wp-content\/uploads\/2017\/03\/agenda-05.png\" alt=\"\" width=\"320\" height=\"568\"><\/a><\/li>\n                                                                <li><a href=\"#\"><img loading=\"lazy\" decoding=\"async\" src=\"\/\/www.tedxsantamaria.com.br\/2017\/wp-content\/uploads\/2017\/03\/agenda-07.png\" alt=\"\" width=\"320\" height=\"568\"><\/a><\/li>\n                                                                <li><a href=\"\"><img loading=\"lazy\" decoding=\"async\" src=\"\/\/www.tedxsantamaria.com.br\/2017\/wp-content\/uploads\/2017\/03\/agenda-06-1.png\" alt=\"\" width=\"320\" height=\"568\"><\/a><\/li>\n                                    <\/ul>\n    <\/article>\n\n    \n<article id=\"about\" class=\"module-a va\">\n    <header class=\"heading-a a\">\n                    <h3>\n                <span class=\"small\">Local<\/span>\n                <span class=\"strong\">Tecnoparque<\/span> Santa Maria            <\/h3>\n                <p align=\"justify\">Conhecido como o ninho da inova\u00e7\u00e3o tecnol\u00f3gica de Santa Maria, o Tecnoparque \u00e9 um espa\u00e7o que cria oportunidades de desenvolvimento cient\u00edfico e tecnol\u00f3gico e dissemina a cultura de empreender e inovar. A sede do TEDx 2017, \u201cA\u00e7\u00f5es que educam\u201d, incentiva empresas e institui\u00e7\u00f5es a investirem no desenvolvimento de novos produtos e processos, buscando a reten\u00e7\u00e3o de capital humano da regi\u00e3o.<\/p><p align=\"justify\">Av. Pedro Cezar Saccol, n\u00b0 555 - Distrito Industrial - Santa Maria - RS<\/p>    <\/header>\n            <figure class=\"sticky-b\"><img decoding=\"async\" src=\"\/\/www.tedxsantamaria.com.br\/2017\/wp-content\/uploads\/2017\/03\/tecnoparque.jpg\" alt=\"\"><\/figure>\n    <\/article>\n\n\n    <article class=\"team-members members\">\n        <div class=\"member-container\">\n            <header class=\"heading-a\">\n                                    <h3>\n                        <span class=\"small\">Palestrantes<\/span>\n                        Conhe\u00e7a quem faz a diferen\u00e7a e <span class=\"strong\">inspire-se<\/span>                    <\/h3>\n                                <p><\/p>\n            <\/header>\n                            <ul class=\"gallery-b b\">\n                                                                        <li>\n                                <a href=\"http:\/\/www.tedxsantamaria.com.br\/2017\/natalia-pietsch\/\">\n                                    <img loading=\"lazy\" decoding=\"async\" src=\"\/\/www.tedxsantamaria.com.br\/2017\/wp-content\/uploads\/2017\/03\/palestrante_01.jpg\" alt=\"\" width=\"300\" height=\"300\">\n                                <\/a>\n                                <div>\n                                    <h4><span>Nat\u00e1lia Pietzsch<\/span> Conex\u00e3o para empreender<\/h4>\n                                <\/div>\n                            <\/li>\n                                                                                                <li>\n                                <a href=\"http:\/\/www.tedxsantamaria.com.br\/2017\/rafael-perez\/\">\n                                    <img loading=\"lazy\" decoding=\"async\" src=\"\/\/www.tedxsantamaria.com.br\/2017\/wp-content\/uploads\/2017\/03\/palestrante_02.jpg\" alt=\"\" width=\"300\" height=\"300\">\n                                <\/a>\n                                <div>\n                                    <h4><span>Rafael Perez<\/span> Da apresenta\u00e7\u00e3o e do relacionamento, o engajamento no ambiente e aprendizagem<\/h4>\n                                <\/div>\n                            <\/li>\n                                                                                                <li>\n                                <a href=\"http:\/\/www.tedxsantamaria.com.br\/2017\/jeronimo-siqueira-tybusch\/\">\n                                    <img loading=\"lazy\" decoding=\"async\" src=\"\/\/www.tedxsantamaria.com.br\/2017\/wp-content\/uploads\/2017\/03\/palestrante_03.jpg\" alt=\"\" width=\"300\" height=\"300\">\n                                <\/a>\n                                <div>\n                                    <h4><span>Jer\u00f4nimo Siqueira Tybusch<\/span> Sociobiodiversidade: educar para a diferen\u00e7a<\/h4>\n                                <\/div>\n                            <\/li>\n                                                                                                <li>\n                                <a href=\"http:\/\/www.tedxsantamaria.com.br\/2017\/eduardo-de-assis-brasil-rocha\/\">\n                                    <img loading=\"lazy\" decoding=\"async\" src=\"\/\/www.tedxsantamaria.com.br\/2017\/wp-content\/uploads\/2017\/03\/palestrante_04.jpg\" alt=\"\" width=\"300\" height=\"300\">\n                                <\/a>\n                                <div>\n                                    <h4><span>Eduardo de Assis Brasil Rocha<\/span> Educar sempre e acima de tudo<\/h4>\n                                <\/div>\n                            <\/li>\n                                                                                                <li>\n                                <a href=\"http:\/\/www.tedxsantamaria.com.br\/2017\/bruno-weiblen\/\">\n                                    <img loading=\"lazy\" decoding=\"async\" src=\"\/\/www.tedxsantamaria.com.br\/2017\/wp-content\/uploads\/2017\/03\/palestrante_05.jpg\" alt=\"\" width=\"300\" height=\"300\">\n                                <\/a>\n                                <div>\n                                    <h4><span>Bruno Weiblen<\/span> Empreendendo em Educa\u00e7\u00e3o Online - um mundo de possibilidades <\/h4>\n                                <\/div>\n                            <\/li>\n                                                                                                <li>\n                                <a href=\"http:\/\/www.tedxsantamaria.com.br\/2017\/deb-xavier\/\">\n                                    <img loading=\"lazy\" decoding=\"async\" src=\"\/\/www.tedxsantamaria.com.br\/2017\/wp-content\/uploads\/2017\/03\/palestrante_06.jpg\" alt=\"\" width=\"300\" height=\"300\">\n                                <\/a>\n                                <div>\n                                    <h4><span>Deb Xavier<\/span> Mulher, revolu\u00e7\u00e3o e educa\u00e7\u00e3o<\/h4>\n                                <\/div>\n                            <\/li>\n                                                            <\/ul>\n                    <\/div>\n    <\/article>\n\n\n<div class=\"text-block shortcode-container\">\n\t<div style=\"margin: 0 20px 10px 20px;\"><header class=\"heading-a\"><h3><span class=\"small\">EQUIPE<\/span>Conhe\u00e7a a <span class=\"strong\">equipe multidisciplinar<\/span> que tornou o TEDx realidade em Santa Maria<\/h3><\/header><p><a href=\"https:\/\/www.tedxsantamaria.com.br\/2017\/wp-content\/uploads\/2017\/03\/nomes_equipe-1.png\"><img loading=\"lazy\" decoding=\"async\" class=\"aligncenter wp-image-485 size-full\" src=\"https:\/\/www.tedxsantamaria.com.br\/2017\/wp-content\/uploads\/2017\/03\/nomes_equipe-1.png\" alt=\"\" width=\"1180\" height=\"317\" srcset=\"https:\/\/www.tedxsantamaria.com.br\/2017\/wp-content\/uploads\/2017\/03\/nomes_equipe-1.png 1180w, https:\/\/www.tedxsantamaria.com.br\/2017\/wp-content\/uploads\/2017\/03\/nomes_equipe-1-300x81.png 300w, https:\/\/www.tedxsantamaria.com.br\/2017\/wp-content\/uploads\/2017\/03\/nomes_equipe-1-768x206.png 768w, https:\/\/www.tedxsantamaria.com.br\/2017\/wp-content\/uploads\/2017\/03\/nomes_equipe-1-1024x275.png 1024w\" sizes=\"auto, (max-width: 1180px) 100vw, 1180px\" \/><\/a><\/p><\/div><\/div><article id=\"contact\" class=\"contact-form\"\n         data-zoom=\"\"\n         data-lat=\"\"\n         data-long=\"\"\n         data-src=\"https:\/\/www.tedxsantamaria.com.br\/2017\/wp-content\/themes\/retouch-parent\">\n    <header class=\"heading-a\">\n                    <h3>\n                <span class=\"small\">Contato<\/span>\n                <span class=\"strong\">Compartilhe<\/span> suas ideias!            <\/h3>\n            <\/header>\n            \n<div class=\"wpcf7 no-js\" id=\"wpcf7-f4-o1\" lang=\"en-US\" dir=\"ltr\" data-wpcf7-id=\"4\">\n<div class=\"screen-reader-response\"><p role=\"status\" aria-live=\"polite\" aria-atomic=\"true\"><\/p> <ul><\/ul><\/div>\n<form action=\"\/2017\/wp-json\/wp\/v2\/pages\/8#wpcf7-f4-o1\" method=\"post\" class=\"wpcf7-form init\" aria-label=\"Contact form\" novalidate=\"novalidate\" data-status=\"init\">\n<fieldset class=\"hidden-fields-container\"><input type=\"hidden\" name=\"_wpcf7\" value=\"4\" \/><input type=\"hidden\" name=\"_wpcf7_version\" value=\"6.1.4\" \/><input type=\"hidden\" name=\"_wpcf7_locale\" value=\"en_US\" \/><input type=\"hidden\" name=\"_wpcf7_unit_tag\" value=\"wpcf7-f4-o1\" \/><input type=\"hidden\" name=\"_wpcf7_container_post\" value=\"0\" \/><input type=\"hidden\" name=\"_wpcf7_posted_data_hash\" value=\"\" \/>\n<\/fieldset>\n<fieldset>\n\t<p><br \/>\n<label for=\"ca\">Nome<\/label><br \/>\n<span class=\"wpcf7-form-control-wrap\" data-name=\"your-name\"><input size=\"40\" maxlength=\"400\" class=\"wpcf7-form-control wpcf7-text wpcf7-validates-as-required\" id=\"ca\" aria-required=\"true\" aria-invalid=\"false\" value=\"\" type=\"text\" name=\"your-name\" \/><\/span>\n\t<\/p>\n\t<p><br \/>\n<label for=\"cb\">E-mail<\/label><br \/>\n<span class=\"wpcf7-form-control-wrap\" data-name=\"your-email\"><input size=\"40\" maxlength=\"400\" class=\"wpcf7-form-control wpcf7-email wpcf7-validates-as-required wpcf7-text wpcf7-validates-as-email\" id=\"cb\" aria-required=\"true\" aria-invalid=\"false\" value=\"\" type=\"email\" name=\"your-email\" \/><\/span>\n\t<\/p>\n\t<p><br \/>\n<span class=\"form-element\"><br \/>\n<label for=\"cc\">Telefone<\/label><br \/>\n<span class=\"wpcf7-form-control-wrap\" data-name=\"your-phone\"><input size=\"40\" maxlength=\"400\" class=\"wpcf7-form-control wpcf7-text\" id=\"cc\" aria-invalid=\"false\" value=\"\" type=\"text\" name=\"your-phone\" \/><\/span><br \/>\n<\/span>\n\t<\/p>\n\t<p><label for=\"cd\">Cidade<\/label><br \/>\n<span class=\"wpcf7-form-control-wrap\" data-name=\"your-city\"><input size=\"40\" maxlength=\"400\" class=\"wpcf7-form-control wpcf7-text\" id=\"cd\" aria-invalid=\"false\" value=\"\" type=\"text\" name=\"your-city\" \/><\/span>\n\t<\/p>\n\t<p><br \/>\n<label for=\"ce\">Mensagem<\/label><br \/>\n<span class=\"wpcf7-form-control-wrap\" data-name=\"your-message\"><textarea cols=\"40\" rows=\"10\" maxlength=\"2000\" class=\"wpcf7-form-control wpcf7-textarea\" id=\"ce\" aria-invalid=\"false\" name=\"your-message\"><\/textarea><\/span>\n\t<\/p>\n\t<p><input class=\"wpcf7-form-control wpcf7-submit has-spinner\" type=\"submit\" value=\"Enviar\" \/>\n\t<\/p>\n<\/fieldset><div class=\"wpcf7-response-output\" aria-hidden=\"true\"><\/div>\n<\/form>\n<\/div>\n    <\/article>\n\n    \n    <style>\n                            #contact.contact-form{\n                                    background: -moz-linear-gradient(-45deg,   0%,   100%);\n                    background: -webkit-gradient(linear, left top, right bottom, color-stop(0%, ), color-stop(100%, ));\n                    background: -webkit-linear-gradient(-45deg,   0%,  100%);\n                    background: -o-linear-gradient(-45deg,   0%,  100%);\n                    background: -ms-linear-gradient(-45deg,   0%,  100%);\n                    background: linear-gradient(135deg,   0%,  100%);\n                                background-image: url(\/\/www.tedxsantamaria.com.br\/2017\/wp-content\/uploads\/2017\/03\/fundo_formulario.jpg);background-position: center 0; background-size: cover;             }\n        \n        \n                    #contact.contact-form .heading-a h3,\n            #contact.contact-form .heading-a h3 .small,\n            .js #contact.contact-form label,\n            #contact.contact-form .semantic-select .input,\n            #contact.contact-form .semantic-select ul li a,\n            #contact.contact-form .wpcf7-submit\n            {\n                color: #ffffff;\n            }\n            #contact.contact-form .heading-a h3:before\n            {\n                background: #ffffff;\n            }\n                <\/style>\n<div class=\"text-block shortcode-container\">\n\t<p><a href=\"https:\/\/www.tedxsantamaria.com.br\/2017\/wp-content\/uploads\/2017\/03\/banner_patrocinadores.png\"><img loading=\"lazy\" decoding=\"async\" class=\"aligncenter wp-image-488 size-full\" src=\"https:\/\/www.tedxsantamaria.com.br\/2017\/wp-content\/uploads\/2017\/03\/banner_patrocinadores.png\" alt=\"\" width=\"1350\" height=\"391\" srcset=\"https:\/\/www.tedxsantamaria.com.br\/2017\/wp-content\/uploads\/2017\/03\/banner_patrocinadores.png 1350w, https:\/\/www.tedxsantamaria.com.br\/2017\/wp-content\/uploads\/2017\/03\/banner_patrocinadores-300x87.png 300w, https:\/\/www.tedxsantamaria.com.br\/2017\/wp-content\/uploads\/2017\/03\/banner_patrocinadores-768x222.png 768w, https:\/\/www.tedxsantamaria.com.br\/2017\/wp-content\/uploads\/2017\/03\/banner_patrocinadores-1024x297.png 1024w\" sizes=\"auto, (max-width: 1350px) 100vw, 1350px\" \/><\/a><\/p><\/div><\/p>\n","protected":false},"excerpt":{"rendered":"<p>No pr\u00f3ximo dia 12 de abril, \u00e0s 18h, o Tecnoparque ser\u00e1 sede do segundo TEDx de Santa Maria, desta vez ED. Com o tema \u201cA\u00e7\u00f5es que educam\u201d, o encontro busca expor pr\u00e1ticas que sejam refer\u00eancia na forma\u00e7\u00e3o cidad\u00e3 de crian\u00e7as e adultos, para al\u00e9m da constru\u00e7\u00e3o do saber acad\u00eamico. A ideia \u00e9 trazer \u00e0 discuss\u00e3o [&hellip;]<\/p>\n","protected":false},"author":1,"featured_media":0,"parent":0,"menu_order":0,"comment_status":"closed","ping_status":"closed","template":"page-builder.php","meta":{"footnotes":""},"class_list":["post-8","page","type-page","status-publish","hentry","has-post-thumbnail"],"_links":{"self":[{"href":"https:\/\/www.tedxsantamaria.com.br\/2017\/wp-json\/wp\/v2\/pages\/8","targetHints":{"allow":["GET"]}}],"collection":[{"href":"https:\/\/www.tedxsantamaria.com.br\/2017\/wp-json\/wp\/v2\/pages"}],"about":[{"href":"https:\/\/www.tedxsantamaria.com.br\/2017\/wp-json\/wp\/v2\/types\/page"}],"author":[{"embeddable":true,"href":"https:\/\/www.tedxsantamaria.com.br\/2017\/wp-json\/wp\/v2\/users\/1"}],"replies":[{"embeddable":true,"href":"https:\/\/www.tedxsantamaria.com.br\/2017\/wp-json\/wp\/v2\/comments?post=8"}],"version-history":[{"count":198,"href":"https:\/\/www.tedxsantamaria.com.br\/2017\/wp-json\/wp\/v2\/pages\/8\/revisions"}],"predecessor-version":[{"id":603,"href":"https:\/\/www.tedxsantamaria.com.br\/2017\/wp-json\/wp\/v2\/pages\/8\/revisions\/603"}],"wp:attachment":[{"href":"https:\/\/www.tedxsantamaria.com.br\/2017\/wp-json\/wp\/v2\/media?parent=8"}],"curies":[{"name":"wp","href":"https:\/\/api.w.org\/{rel}","templated":true}]}}